{"id":6124,"date":"2023-06-13T21:54:23","date_gmt":"2023-06-13T21:54:23","guid":{"rendered":"https:\/\/calmar.pt\/?page_id=6124"},"modified":"2023-12-18T16:49:53","modified_gmt":"2023-12-18T16:49:53","slug":"onde-estamos","status":"publish","type":"page","link":"https:\/\/calmar.pt\/en\/onde-estamos\/","title":{"rendered":"Where we are"},"content":{"rendered":"<div data-elementor-type=\"wp-page\" data-elementor-id=\"6124\" class=\"elementor elementor-6124\">\n\t\t\t\t\t\t\t\t\t<section class=\"elementor-section elementor-top-section elementor-element elementor-element-a943bb8 elementor-section-boxed elementor-section-height-default elementor-section-height-default\" data-id=\"a943bb8\" data-element_type=\"section\">\n\t\t\t\t\t\t<div class=\"elementor-container elementor-column-gap-default\">\n\t\t\t\t\t<div class=\"elementor-column elementor-col-100 elementor-top-column elementor-element elementor-element-e0da83b\" data-id=\"e0da83b\" data-element_type=\"column\">\n\t\t\t<div class=\"elementor-widget-wrap elementor-element-populated\">\n\t\t\t\t\t\t\t\t<div class=\"elementor-element elementor-element-5ed0081 elementor-widget elementor-widget-text-editor\" data-id=\"5ed0081\" data-element_type=\"widget\" data-widget_type=\"text-editor.default\">\n\t\t\t\t<div class=\"elementor-widget-container\">\n\t\t\t<style>\/*! elementor - v3.14.0 - 18-06-2023 *\/\n.elementor-widget-text-editor.elementor-drop-cap-view-stacked .elementor-drop-cap{background-color:#69727d;color:#fff}.elementor-widget-text-editor.elementor-drop-cap-view-framed .elementor-drop-cap{color:#69727d;border:3px solid;background-color:transparent}.elementor-widget-text-editor:not(.elementor-drop-cap-view-default) .elementor-drop-cap{margin-top:8px}.elementor-widget-text-editor:not(.elementor-drop-cap-view-default) .elementor-drop-cap-letter{width:1em;height:1em}.elementor-widget-text-editor .elementor-drop-cap{float:left;text-align:center;line-height:1;font-size:50px}.elementor-widget-text-editor .elementor-drop-cap-letter{display:inline-block}<\/style>\t\t\t\t<p><b>A prime location<\/b><\/p><p>Casa Calmar is located in Herdade das V\u00e1rzeas, in the middle of Southwest Alentejo and Vicentine Coast Natural Park, a few minutes away from Samoqueira beach, with its turquoise blue sea, Morgavel lagoon, and Porto Covo village.<\/p><p>Porto Covo is a very tranquil parish located on the Alentejo Coast, with its small beaches nestled between cliffs and rocks, just 1 hour and 30 minutes from Lisbon. A peaceful retreat to recharge and reconnect with nature. The perfect place to spend a few days in Portugal.<\/p><p>The Natural Park of Costa Vicentina has a great diversity of <i>habitats<\/i> costeiros, como praias, fal\u00e9sias, ilhas, ilh\u00e9us e rochedos isolados.<\/p><p>Here you can observe the nests of the white stork on the coastal rocks (unique in the world) and a population of otters in marine habitat. A unique place for photography lovers and fauna and flora observers!<\/p>\t\t\t\t\t\t<\/div>\n\t\t\t\t<\/div>\n\t\t\t\t<div class=\"elementor-element elementor-element-73ad71a elementor-widget elementor-widget-spacer\" data-id=\"73ad71a\" data-element_type=\"widget\" data-widget_type=\"spacer.default\">\n\t\t\t\t<div class=\"elementor-widget-container\">\n\t\t\t<style>\/*! elementor - v3.14.0 - 18-06-2023 *\/\n.elementor-column .elementor-spacer-inner{height:var(--spacer-size)}.e-con{--container-widget-width:100%}.e-con-inner>.elementor-widget-spacer,.e-con>.elementor-widget-spacer{width:var(--container-widget-width,var(--spacer-size));--align-self:var(--container-widget-align-self,initial);--flex-shrink:0}.e-con-inner>.elementor-widget-spacer>.elementor-widget-container,.e-con-inner>.elementor-widget-spacer>.elementor-widget-container>.elementor-spacer,.e-con>.elementor-widget-spacer>.elementor-widget-container,.e-con>.elementor-widget-spacer>.elementor-widget-container>.elementor-spacer{height:100%}.e-con-inner>.elementor-widget-spacer>.elementor-widget-container>.elementor-spacer>.elementor-spacer-inner,.e-con>.elementor-widget-spacer>.elementor-widget-container>.elementor-spacer>.elementor-spacer-inner{height:var(--container-widget-height,var(--spacer-size))}<\/style>\t\t<div class=\"elementor-spacer\">\n\t\t\t<div class=\"elementor-spacer-inner\"><\/div>\n\t\t<\/div>\n\t\t\t\t<\/div>\n\t\t\t\t<\/div>\n\t\t\t\t<div class=\"elementor-element elementor-element-39b9b96 elementor-widget elementor-widget-image\" data-id=\"39b9b96\" data-element_type=\"widget\" data-widget_type=\"image.default\">\n\t\t\t\t<div class=\"elementor-widget-container\">\n\t\t\t<style>\/*! elementor - v3.14.0 - 18-06-2023 *\/\n.elementor-widget-image{text-align:center}.elementor-widget-image a{display:inline-block}.elementor-widget-image a img[src$=\".svg\"]{width:48px}.elementor-widget-image img{vertical-align:middle;display:inline-block}<\/style>\t\t\t\t\t\t\t\t\t\t\t\t\t<a href=\"https:\/\/calmar.pt\/wp-content\/uploads\/2023\/06\/MAPA-scaled.jpg\" data-elementor-open-lightbox=\"no\">\n\t\t\t\t\t\t\t<img loading=\"lazy\" decoding=\"async\" width=\"1943\" height=\"2560\" src=\"https:\/\/calmar.pt\/wp-content\/uploads\/2023\/06\/MAPA-scaled.jpg\" class=\"attachment-full size-full wp-image-6308\" alt=\"\" srcset=\"https:\/\/calmar.pt\/wp-content\/uploads\/2023\/06\/MAPA-scaled.jpg 1943w, https:\/\/calmar.pt\/wp-content\/uploads\/2023\/06\/MAPA-228x300.jpg 228w, https:\/\/calmar.pt\/wp-content\/uploads\/2023\/06\/MAPA-777x1024.jpg 777w, https:\/\/calmar.pt\/wp-content\/uploads\/2023\/06\/MAPA-768x1012.jpg 768w, https:\/\/calmar.pt\/wp-content\/uploads\/2023\/06\/MAPA-61x80.jpg 61w, https:\/\/calmar.pt\/wp-content\/uploads\/2023\/06\/MAPA-1166x1536.jpg 1166w, https:\/\/calmar.pt\/wp-content\/uploads\/2023\/06\/MAPA-1555x2048.jpg 1555w, https:\/\/calmar.pt\/wp-content\/uploads\/2023\/06\/MAPA-9x12.jpg 9w\" sizes=\"auto, (max-width: 1943px) 100vw, 1943px\" \/>\t\t\t\t\t\t\t\t<\/a>\n\t\t\t\t\t\t\t\t\t\t\t\t\t\t\t<\/div>\n\t\t\t\t<\/div>\n\t\t\t\t\t<\/div>\n\t\t<\/div>\n\t\t\t\t\t\t\t<\/div>\n\t\t<\/section>\n\t\t\t\t\t\t\t<\/div>","protected":false},"excerpt":{"rendered":"<p>Uma localiza\u00e7\u00e3o privilegiada A Casa Calmar situa-se na Herdade das V\u00e1rzeas, em pleno Parque Natural do Sudoeste Alentejano e Costa Vicentina, a poucos minutos da praia da Samoqueira, com o seu mar azul turquesa, da albufeira de Morgavel, e do lugar de Porto Covo. Porto Covo \u00e9 uma freguesia muito sossegada, localizada na Costa Alentejana, [&hellip;]<\/p>","protected":false},"author":1,"featured_media":0,"parent":0,"menu_order":0,"comment_status":"closed","ping_status":"closed","template":"","meta":{"footnotes":""},"class_list":["post-6124","page","type-page","status-publish","hentry"],"yoast_head":"<!-- This site is optimized with the Yoast SEO plugin v20.9 - https:\/\/yoast.com\/wordpress\/plugins\/seo\/ -->\n<title>Calmar - Onde estamos<\/title>\n<meta name=\"description\" content=\"A Casa Calmar situa-se na Herdade das V\u00e1rzeas, em pleno Parque Natural do Sudoeste Alentejano e Costa Vicentina.\" \/>\n<meta name=\"robots\" content=\"index, follow, max-snippet:-1, max-image-preview:large, max-video-preview:-1\" \/>\n<link rel=\"canonical\" href=\"https:\/\/calmar.pt\/en\/onde-estamos\/\" \/>\n<meta property=\"og:locale\" content=\"en_US\" \/>\n<meta property=\"og:type\" content=\"article\" \/>\n<meta property=\"og:title\" content=\"Calmar - Onde estamos\" \/>\n<meta property=\"og:description\" content=\"A Casa Calmar situa-se na Herdade das V\u00e1rzeas, em pleno Parque Natural do Sudoeste Alentejano e Costa Vicentina.\" \/>\n<meta property=\"og:url\" content=\"https:\/\/calmar.pt\/en\/onde-estamos\/\" \/>\n<meta property=\"og:site_name\" content=\"Calmar\" \/>\n<meta property=\"article:modified_time\" content=\"2023-12-18T16:49:53+00:00\" \/>\n<meta property=\"og:image\" content=\"https:\/\/calmar.pt\/wp-content\/uploads\/2023\/06\/MAPA-scaled.jpg\" \/>\n<meta name=\"twitter:card\" content=\"summary_large_image\" \/>\n<meta name=\"twitter:label1\" content=\"Est. reading time\" \/>\n\t<meta name=\"twitter:data1\" content=\"2 minutes\" \/>\n<script type=\"application\/ld+json\" class=\"yoast-schema-graph\">{\"@context\":\"https:\/\/schema.org\",\"@graph\":[{\"@type\":\"WebPage\",\"@id\":\"https:\/\/calmar.pt\/onde-estamos\/\",\"url\":\"https:\/\/calmar.pt\/onde-estamos\/\",\"name\":\"Calmar - Onde estamos\",\"isPartOf\":{\"@id\":\"https:\/\/calmar.pt\/#website\"},\"datePublished\":\"2023-06-13T21:54:23+00:00\",\"dateModified\":\"2023-12-18T16:49:53+00:00\",\"description\":\"A Casa Calmar situa-se na Herdade das V\u00e1rzeas, em pleno Parque Natural do Sudoeste Alentejano e Costa Vicentina.\",\"breadcrumb\":{\"@id\":\"https:\/\/calmar.pt\/onde-estamos\/#breadcrumb\"},\"inLanguage\":\"en-US\",\"potentialAction\":[{\"@type\":\"ReadAction\",\"target\":[\"https:\/\/calmar.pt\/onde-estamos\/\"]}]},{\"@type\":\"BreadcrumbList\",\"@id\":\"https:\/\/calmar.pt\/onde-estamos\/#breadcrumb\",\"itemListElement\":[{\"@type\":\"ListItem\",\"position\":1,\"name\":\"In\u00edcio\",\"item\":\"https:\/\/calmar.pt\/\"},{\"@type\":\"ListItem\",\"position\":2,\"name\":\"Onde estamos\"}]},{\"@type\":\"WebSite\",\"@id\":\"https:\/\/calmar.pt\/#website\",\"url\":\"https:\/\/calmar.pt\/\",\"name\":\"Calmar\",\"description\":\"Unique Nature Retreat\",\"publisher\":{\"@id\":\"https:\/\/calmar.pt\/#organization\"},\"potentialAction\":[{\"@type\":\"SearchAction\",\"target\":{\"@type\":\"EntryPoint\",\"urlTemplate\":\"https:\/\/calmar.pt\/?s={search_term_string}\"},\"query-input\":\"required name=search_term_string\"}],\"inLanguage\":\"en-US\"},{\"@type\":\"Organization\",\"@id\":\"https:\/\/calmar.pt\/#organization\",\"name\":\"Calmar\",\"url\":\"https:\/\/calmar.pt\/\",\"logo\":{\"@type\":\"ImageObject\",\"inLanguage\":\"en-US\",\"@id\":\"https:\/\/calmar.pt\/#\/schema\/logo\/image\/\",\"url\":\"https:\/\/calmar.pt\/wp-content\/uploads\/2023\/05\/casa-calmar.png\",\"contentUrl\":\"https:\/\/calmar.pt\/wp-content\/uploads\/2023\/05\/casa-calmar.png\",\"width\":2010,\"height\":520,\"caption\":\"Calmar\"},\"image\":{\"@id\":\"https:\/\/calmar.pt\/#\/schema\/logo\/image\/\"},\"sameAs\":[\"https:\/\/www.instagram.com\/casacalmar\/\",\"https:\/\/api.whatsapp.com\/send?1=pt_BR&phone=351912431748\"]}]}<\/script>\n<!-- \/ Yoast SEO plugin. -->","yoast_head_json":{"title":"Calmar - Onde estamos","description":"A Casa Calmar situa-se na Herdade das V\u00e1rzeas, em pleno Parque Natural do Sudoeste Alentejano e Costa Vicentina.","robots":{"index":"index","follow":"follow","max-snippet":"max-snippet:-1","max-image-preview":"max-image-preview:large","max-video-preview":"max-video-preview:-1"},"canonical":"https:\/\/calmar.pt\/en\/onde-estamos\/","og_locale":"en_US","og_type":"article","og_title":"Calmar - Onde estamos","og_description":"A Casa Calmar situa-se na Herdade das V\u00e1rzeas, em pleno Parque Natural do Sudoeste Alentejano e Costa Vicentina.","og_url":"https:\/\/calmar.pt\/en\/onde-estamos\/","og_site_name":"Calmar","article_modified_time":"2023-12-18T16:49:53+00:00","og_image":[{"url":"https:\/\/calmar.pt\/wp-content\/uploads\/2023\/06\/MAPA-scaled.jpg"}],"twitter_card":"summary_large_image","twitter_misc":{"Est. reading time":"2 minutes"},"schema":{"@context":"https:\/\/schema.org","@graph":[{"@type":"WebPage","@id":"https:\/\/calmar.pt\/onde-estamos\/","url":"https:\/\/calmar.pt\/onde-estamos\/","name":"Calmar - Onde estamos","isPartOf":{"@id":"https:\/\/calmar.pt\/#website"},"datePublished":"2023-06-13T21:54:23+00:00","dateModified":"2023-12-18T16:49:53+00:00","description":"A Casa Calmar situa-se na Herdade das V\u00e1rzeas, em pleno Parque Natural do Sudoeste Alentejano e Costa Vicentina.","breadcrumb":{"@id":"https:\/\/calmar.pt\/onde-estamos\/#breadcrumb"},"inLanguage":"en-US","potentialAction":[{"@type":"ReadAction","target":["https:\/\/calmar.pt\/onde-estamos\/"]}]},{"@type":"BreadcrumbList","@id":"https:\/\/calmar.pt\/onde-estamos\/#breadcrumb","itemListElement":[{"@type":"ListItem","position":1,"name":"In\u00edcio","item":"https:\/\/calmar.pt\/"},{"@type":"ListItem","position":2,"name":"Onde estamos"}]},{"@type":"WebSite","@id":"https:\/\/calmar.pt\/#website","url":"https:\/\/calmar.pt\/","name":"Calmar","description":"Unique Nature Retreat","publisher":{"@id":"https:\/\/calmar.pt\/#organization"},"potentialAction":[{"@type":"SearchAction","target":{"@type":"EntryPoint","urlTemplate":"https:\/\/calmar.pt\/?s={search_term_string}"},"query-input":"required name=search_term_string"}],"inLanguage":"en-US"},{"@type":"Organization","@id":"https:\/\/calmar.pt\/#organization","name":"Calmar","url":"https:\/\/calmar.pt\/","logo":{"@type":"ImageObject","inLanguage":"en-US","@id":"https:\/\/calmar.pt\/#\/schema\/logo\/image\/","url":"https:\/\/calmar.pt\/wp-content\/uploads\/2023\/05\/casa-calmar.png","contentUrl":"https:\/\/calmar.pt\/wp-content\/uploads\/2023\/05\/casa-calmar.png","width":2010,"height":520,"caption":"Calmar"},"image":{"@id":"https:\/\/calmar.pt\/#\/schema\/logo\/image\/"},"sameAs":["https:\/\/www.instagram.com\/casacalmar\/","https:\/\/api.whatsapp.com\/send?1=pt_BR&phone=351912431748"]}]}},"_links":{"self":[{"href":"https:\/\/calmar.pt\/en\/wp-json\/wp\/v2\/pages\/6124","targetHints":{"allow":["GET"]}}],"collection":[{"href":"https:\/\/calmar.pt\/en\/wp-json\/wp\/v2\/pages"}],"about":[{"href":"https:\/\/calmar.pt\/en\/wp-json\/wp\/v2\/types\/page"}],"author":[{"embeddable":true,"href":"https:\/\/calmar.pt\/en\/wp-json\/wp\/v2\/users\/1"}],"replies":[{"embeddable":true,"href":"https:\/\/calmar.pt\/en\/wp-json\/wp\/v2\/comments?post=6124"}],"version-history":[{"count":42,"href":"https:\/\/calmar.pt\/en\/wp-json\/wp\/v2\/pages\/6124\/revisions"}],"predecessor-version":[{"id":6794,"href":"https:\/\/calmar.pt\/en\/wp-json\/wp\/v2\/pages\/6124\/revisions\/6794"}],"wp:attachment":[{"href":"https:\/\/calmar.pt\/en\/wp-json\/wp\/v2\/media?parent=6124"}],"curies":[{"name":"wp","href":"https:\/\/api.w.org\/{rel}","templated":true}]}}