{"id":6509,"date":"2023-06-19T19:48:31","date_gmt":"2023-06-19T19:48:31","guid":{"rendered":"https:\/\/calmar.pt\/?page_id=6509"},"modified":"2023-06-19T20:58:13","modified_gmt":"2023-06-19T20:58:13","slug":"casas_calmar","status":"publish","type":"page","link":"https:\/\/calmar.pt\/en\/casas_calmar\/","title":{"rendered":"Houses"},"content":{"rendered":"<div data-elementor-type=\"wp-page\" data-elementor-id=\"6509\" class=\"elementor elementor-6509\">\n\t\t\t\t\t\t\t\t\t<section class=\"elementor-section elementor-top-section elementor-element elementor-element-de97fc6 elementor-section-boxed elementor-section-height-default elementor-section-height-default\" data-id=\"de97fc6\" data-element_type=\"section\">\n\t\t\t\t\t\t<div class=\"elementor-container elementor-column-gap-default\">\n\t\t\t\t\t<div class=\"elementor-column elementor-col-100 elementor-top-column elementor-element elementor-element-6e66473\" data-id=\"6e66473\" data-element_type=\"column\">\n\t\t\t<div class=\"elementor-widget-wrap elementor-element-populated\">\n\t\t\t\t\t\t\t\t<div class=\"elementor-element elementor-element-11e0492 elementor-widget elementor-widget-image\" data-id=\"11e0492\" data-element_type=\"widget\" data-widget_type=\"image.default\">\n\t\t\t\t<div class=\"elementor-widget-container\">\n\t\t\t<style>\/*! elementor - v3.14.0 - 18-06-2023 *\/\n.elementor-widget-image{text-align:center}.elementor-widget-image a{display:inline-block}.elementor-widget-image a img[src$=\".svg\"]{width:48px}.elementor-widget-image img{vertical-align:middle;display:inline-block}<\/style>\t\t\t\t\t\t\t\t\t\t\t\t<img loading=\"lazy\" decoding=\"async\" width=\"2560\" height=\"1056\" src=\"https:\/\/calmar.pt\/wp-content\/uploads\/2023\/06\/CASAS-scaled.jpg\" class=\"attachment-full size-full wp-image-6309\" alt=\"\" srcset=\"https:\/\/calmar.pt\/wp-content\/uploads\/2023\/06\/CASAS-scaled.jpg 2560w, https:\/\/calmar.pt\/wp-content\/uploads\/2023\/06\/CASAS-300x124.jpg 300w, https:\/\/calmar.pt\/wp-content\/uploads\/2023\/06\/CASAS-1024x423.jpg 1024w, https:\/\/calmar.pt\/wp-content\/uploads\/2023\/06\/CASAS-768x317.jpg 768w, https:\/\/calmar.pt\/wp-content\/uploads\/2023\/06\/CASAS-80x33.jpg 80w, https:\/\/calmar.pt\/wp-content\/uploads\/2023\/06\/CASAS-1536x634.jpg 1536w, https:\/\/calmar.pt\/wp-content\/uploads\/2023\/06\/CASAS-2048x845.jpg 2048w, https:\/\/calmar.pt\/wp-content\/uploads\/2023\/06\/CASAS-18x7.jpg 18w\" sizes=\"auto, (max-width: 2560px) 100vw, 2560px\" \/>\t\t\t\t\t\t\t\t\t\t\t\t\t\t\t<\/div>\n\t\t\t\t<\/div>\n\t\t\t\t<div class=\"elementor-element elementor-element-50faa2f elementor-widget elementor-widget-text-editor\" data-id=\"50faa2f\" data-element_type=\"widget\" data-widget_type=\"text-editor.default\">\n\t\t\t\t<div class=\"elementor-widget-container\">\n\t\t\t<style>\/*! elementor - v3.14.0 - 18-06-2023 *\/\n.elementor-widget-text-editor.elementor-drop-cap-view-stacked .elementor-drop-cap{background-color:#69727d;color:#fff}.elementor-widget-text-editor.elementor-drop-cap-view-framed .elementor-drop-cap{color:#69727d;border:3px solid;background-color:transparent}.elementor-widget-text-editor:not(.elementor-drop-cap-view-default) .elementor-drop-cap{margin-top:8px}.elementor-widget-text-editor:not(.elementor-drop-cap-view-default) .elementor-drop-cap-letter{width:1em;height:1em}.elementor-widget-text-editor .elementor-drop-cap{float:left;text-align:center;line-height:1;font-size:50px}.elementor-widget-text-editor .elementor-drop-cap-letter{display:inline-block}<\/style>\t\t\t\t<p>All houses are equipped with air conditioning for the summer and a cozy fireplace for the colder days and winter nights, ensuring year-round comfort. A fully equipped kitchen including dishwasher, microwave with\u00a0<i>grill<\/i>, induction hob for long meals spent savouring local flavours with family and friends. There is also a Nespresso machine, a citrus squeezer (indispensable for fresh oranges for breakfast, picked directly from organic orchards) and a refrigerator that will keep the wine cool for balmy evenings.<\/p><p>The cabinets are full of ceramic plates and dishes, cutlery, cooking utensils, and basic cooking items such as salt and pepper, vinegar, and local oil. Casa Calmar has it all!<\/p><p>In the rooms, hair dryers are ready to use!<\/p><p>For those who 'work at home', the high-speed wi-fi will ensure a line to the outside world, should you want and wish to connect to it. The smart TV is also always available for watching movies or documentaries.<\/p><p>The Cabin can accommodate 2 people, the Porch House can accommodate between 2 and 6 people, and the Patio House can accommodate between 2 and 8 people. The houses can be rented together (to accommodate up to 16 people) or separately. These houses in Porto Covo are suitable for vacations with family or friends.<\/p>\t\t\t\t\t\t<\/div>\n\t\t\t\t<\/div>\n\t\t\t\t\t<\/div>\n\t\t<\/div>\n\t\t\t\t\t\t\t<\/div>\n\t\t<\/section>\n\t\t\t\t<section class=\"elementor-section elementor-top-section elementor-element elementor-element-008ca73 elementor-section-boxed elementor-section-height-default elementor-section-height-default\" data-id=\"008ca73\" data-element_type=\"section\">\n\t\t\t\t\t\t<div class=\"elementor-container elementor-column-gap-default\">\n\t\t\t\t\t<div class=\"elementor-column elementor-col-100 elementor-top-column elementor-element elementor-element-9e9cab1\" data-id=\"9e9cab1\" data-element_type=\"column\">\n\t\t\t<div class=\"elementor-widget-wrap elementor-element-populated\">\n\t\t\t\t\t\t\t\t<div class=\"elementor-element elementor-element-7a1179d elementor-widget elementor-widget-eb_rooms\" data-id=\"7a1179d\" data-element_type=\"widget\" data-widget_type=\"eb_rooms.default\">\n\t\t\t\t<div class=\"elementor-widget-container\">\n\t\t\t\r\n\t\t\t<div id=\"rooms-GIrDk\" class=\"eb-g-lg-3 eb-g-md-3 eb-g-sm-1 eb-rooms\">\r\n\r\n\t\r\n<div class=\"room-item\">\r\n\r\n  <figure>\r\n\r\n    <a href=\"https:\/\/calmar.pt\/en\/casas\/cabana\/\">\r\n        <img decoding=\"async\" src=\"https:\/\/calmar.pt\/wp-content\/uploads\/2022\/05\/52-marisamartins-3V6A6441-HDR-370x485.jpg\" alt=\"Cabana\">\r\n    <\/a>\r\n\r\n  <\/figure>\r\n\r\n    <div class=\"room-price\"><span class=\"normal-price\"><strong><span class=\"price-currency\">\u20ac<\/span><span class=\"price-amount\">300,00<\/span><\/strong><\/span><span class=\"per-night-text\">  \/ night<\/span><\/div>\r\n    <div class=\"room-details\">\r\n\r\n      <div class=\"room-details-inner\">\r\n\r\n        <h4 class=\"room-title\"><a href=\"https:\/\/calmar.pt\/en\/casas\/cabana\/\">Cabana<\/a><\/h4>\r\n\r\n        \r\n<div class=\"room-info\">\r\n\r\n    <div class=\"item\">\r\n      <i class=\"flaticon-child\"><\/i>\r\n      <div class=\"room-info-content\">\r\n        <div>\r\n          0 Adults \/ 0 Children        <\/div>\r\n      <\/div>\r\n    <\/div>\r\n\r\n\r\n    <div class=\"item\">\r\n      <i class=\"flaticon-bed\"><\/i>\r\n      <div class=\"room-info-content\">\r\n        <div>\r\n        T1        <\/div>\r\n      <\/div>\r\n    <\/div>\r\n\r\n\r\n\r\n    <div class=\"item\">\r\n      <i class=\"flaticon-map\"><\/i>\r\n      <div class=\"room-info-content\">\r\n        <div>\r\n        40 m\u00b2        <\/div>\r\n      <\/div>\r\n    <\/div>\r\n\r\n<\/div>\r\n<div class=\"room-services\">\r\n    <div class=\"dragscroll\">\r\n\r\n        <div class=\"room-service-item\" data-toggle=\"popover\" data-placement=\"top\" data-trigger=\"hover\" data-content=\"Coffee Maker\" data-original-title=\"Coffee Maker\">\r\n                            <i class=\"fas fa-coffee\"><\/i>\r\n                    <\/div>\r\n\r\n            <div class=\"room-service-item\" data-toggle=\"popover\" data-placement=\"top\" data-trigger=\"hover\" data-content=\"Breakfast\" data-original-title=\"Breakfast\">\r\n                            <i class=\"fas fa-cookie-bite\"><\/i>\r\n                    <\/div>\r\n\r\n            <div class=\"room-service-item\" data-toggle=\"popover\" data-placement=\"top\" data-trigger=\"hover\" data-content=\"Mini Bar\" data-original-title=\"Mini Bar\">\r\n                            <i class=\"fas fa-glass-martini-alt\"><\/i>\r\n                    <\/div>\r\n\r\n            <div class=\"room-service-item\" data-toggle=\"popover\" data-placement=\"top\" data-trigger=\"hover\" data-content=\"Free WiFi Included\" data-original-title=\"WiFi\">\r\n                            <i class=\"fas fa-wifi\"><\/i>\r\n                    <\/div>\r\n\r\n            <div class=\"room-service-item\" data-toggle=\"popover\" data-placement=\"top\" data-trigger=\"hover\" data-content=\"Towels\" data-original-title=\"Towels\">\r\n                            <i class=\"fas fa-female\"><\/i>\r\n                    <\/div>\r\n\r\n            <div class=\"room-service-item\" data-toggle=\"popover\" data-placement=\"top\" data-trigger=\"hover\" data-content=\"Microwave\" data-original-title=\"Microwave\">\r\n                            <i class=\"fas fa-concierge-bell\"><\/i>\r\n                    <\/div>\r\n\r\n            <div class=\"room-service-item\" data-toggle=\"popover\" data-placement=\"top\" data-trigger=\"hover\" data-content=\"Air Conditioner\" data-original-title=\"Ar Condicionado\">\r\n                            <i class=\"fas fa-snowflake\"><\/i>\r\n                    <\/div>\r\n\r\n            <div class=\"room-service-item\" data-toggle=\"popover\" data-placement=\"top\" data-trigger=\"hover\" data-content=\"Widescreen TV\" data-original-title=\"Widescreen TV\">\r\n                            <i class=\"fas fa-tv\"><\/i>\r\n                    <\/div>\r\n\r\n    \r\n    <\/div>\r\n<\/div>\r\n\r\n\r\n    <\/div>\r\n\r\n    <\/div>\r\n\r\n<\/div>\r\n\r\n\t\r\n<div class=\"room-item\">\r\n\r\n  <figure>\r\n\r\n    <a href=\"https:\/\/calmar.pt\/en\/casas\/calmar-t2\/\">\r\n        <img decoding=\"async\" src=\"https:\/\/calmar.pt\/wp-content\/uploads\/2022\/05\/107-marisamartins-068A9667-370x485.jpg\" alt=\"Casa do Alpendre\">\r\n    <\/a>\r\n\r\n  <\/figure>\r\n\r\n    <div class=\"room-price\"><span class=\"normal-price\"><strong><span class=\"price-currency\">\u20ac<\/span><span class=\"price-amount\">400,00<\/span><\/strong><\/span><span class=\"per-night-text\">  \/ night<\/span><\/div>\r\n    <div class=\"room-details\">\r\n\r\n      <div class=\"room-details-inner\">\r\n\r\n        <h4 class=\"room-title\"><a href=\"https:\/\/calmar.pt\/en\/casas\/calmar-t2\/\">Casa do Alpendre<\/a><\/h4>\r\n\r\n        \r\n<div class=\"room-info\">\r\n\r\n    <div class=\"item\">\r\n      <i class=\"flaticon-child\"><\/i>\r\n      <div class=\"room-info-content\">\r\n        <div>\r\n          6 Adults \/ 6 Children        <\/div>\r\n      <\/div>\r\n    <\/div>\r\n\r\n\r\n    <div class=\"item\">\r\n      <i class=\"flaticon-bed\"><\/i>\r\n      <div class=\"room-info-content\">\r\n        <div>\r\n        T2        <\/div>\r\n      <\/div>\r\n    <\/div>\r\n\r\n\r\n\r\n    <div class=\"item\">\r\n      <i class=\"flaticon-map\"><\/i>\r\n      <div class=\"room-info-content\">\r\n        <div>\r\n        72 m\u00b2        <\/div>\r\n      <\/div>\r\n    <\/div>\r\n\r\n<\/div>\r\n<div class=\"room-services\">\r\n    <div class=\"dragscroll\">\r\n\r\n        <div class=\"room-service-item\" data-toggle=\"popover\" data-placement=\"top\" data-trigger=\"hover\" data-content=\"Air Conditioner\" data-original-title=\"Ar Condicionado\">\r\n                            <i class=\"fas fa-snowflake\"><\/i>\r\n                    <\/div>\r\n\r\n            <div class=\"room-service-item\" data-toggle=\"popover\" data-placement=\"top\" data-trigger=\"hover\" data-content=\"Widescreen TV\" data-original-title=\"Widescreen TV\">\r\n                            <i class=\"fas fa-tv\"><\/i>\r\n                    <\/div>\r\n\r\n            <div class=\"room-service-item\" data-toggle=\"popover\" data-placement=\"top\" data-trigger=\"hover\" data-content=\"Towels\" data-original-title=\"Towels\">\r\n                            <i class=\"fas fa-female\"><\/i>\r\n                    <\/div>\r\n\r\n            <div class=\"room-service-item\" data-toggle=\"popover\" data-placement=\"top\" data-trigger=\"hover\" data-content=\"Microwave\" data-original-title=\"Microwave\">\r\n                            <i class=\"fas fa-concierge-bell\"><\/i>\r\n                    <\/div>\r\n\r\n            <div class=\"room-service-item\" data-toggle=\"popover\" data-placement=\"top\" data-trigger=\"hover\" data-content=\"Parking\" data-original-title=\"Parking\">\r\n                            <i class=\"fas fa-parking\"><\/i>\r\n                    <\/div>\r\n\r\n            <div class=\"room-service-item\" data-toggle=\"popover\" data-placement=\"top\" data-trigger=\"hover\" data-content=\"Private Balcony\" data-original-title=\"Private Balcony\">\r\n                            <i class=\"fas fa-eye-slash\"><\/i>\r\n                    <\/div>\r\n\r\n            <div class=\"room-service-item\" data-toggle=\"popover\" data-placement=\"top\" data-trigger=\"hover\" data-content=\"Mini Bar\" data-original-title=\"Mini Bar\">\r\n                            <i class=\"fas fa-glass-martini-alt\"><\/i>\r\n                    <\/div>\r\n\r\n            <div class=\"room-service-item\" data-toggle=\"popover\" data-placement=\"top\" data-trigger=\"hover\" data-content=\"Free WiFi Included\" data-original-title=\"WiFi\">\r\n                            <i class=\"fas fa-wifi\"><\/i>\r\n                    <\/div>\r\n\r\n    \r\n    <\/div>\r\n<\/div>\r\n\r\n\r\n    <\/div>\r\n\r\n    <\/div>\r\n\r\n<\/div>\r\n\r\n\t\r\n<div class=\"room-item\">\r\n\r\n  <figure>\r\n\r\n    <a href=\"https:\/\/calmar.pt\/en\/casas\/calmar-t3\/\">\r\n        <img decoding=\"async\" src=\"https:\/\/calmar.pt\/wp-content\/uploads\/2022\/05\/9-marisamartins-2N6A4359-e1740437177340-370x485.jpg\" alt=\"Casa do P\u00e1tio\">\r\n    <\/a>\r\n\r\n  <\/figure>\r\n\r\n    <div class=\"room-price\"><span class=\"normal-price\"><strong><span class=\"price-currency\">\u20ac<\/span><span class=\"price-amount\">500,00<\/span><\/strong><\/span><span class=\"per-night-text\">  \/ night<\/span><\/div>\r\n    <div class=\"room-details\">\r\n\r\n      <div class=\"room-details-inner\">\r\n\r\n        <h4 class=\"room-title\"><a href=\"https:\/\/calmar.pt\/en\/casas\/calmar-t3\/\">Casa do P\u00e1tio<\/a><\/h4>\r\n\r\n        \r\n<div class=\"room-info\">\r\n\r\n    <div class=\"item\">\r\n      <i class=\"flaticon-child\"><\/i>\r\n      <div class=\"room-info-content\">\r\n        <div>\r\n          8 Adults \/ 0 Children        <\/div>\r\n      <\/div>\r\n    <\/div>\r\n\r\n\r\n    <div class=\"item\">\r\n      <i class=\"flaticon-bed\"><\/i>\r\n      <div class=\"room-info-content\">\r\n        <div>\r\n        T3        <\/div>\r\n      <\/div>\r\n    <\/div>\r\n\r\n\r\n\r\n    <div class=\"item\">\r\n      <i class=\"flaticon-map\"><\/i>\r\n      <div class=\"room-info-content\">\r\n        <div>\r\n        105 m\u00b2        <\/div>\r\n      <\/div>\r\n    <\/div>\r\n\r\n<\/div>\r\n<div class=\"room-services\">\r\n    <div class=\"dragscroll\">\r\n\r\n        <div class=\"room-service-item\" data-toggle=\"popover\" data-placement=\"top\" data-trigger=\"hover\" data-content=\"Towels\" data-original-title=\"Towels\">\r\n                            <i class=\"fas fa-female\"><\/i>\r\n                    <\/div>\r\n\r\n            <div class=\"room-service-item\" data-toggle=\"popover\" data-placement=\"top\" data-trigger=\"hover\" data-content=\"Microwave\" data-original-title=\"Microwave\">\r\n                            <i class=\"fas fa-concierge-bell\"><\/i>\r\n                    <\/div>\r\n\r\n            <div class=\"room-service-item\" data-toggle=\"popover\" data-placement=\"top\" data-trigger=\"hover\" data-content=\"Parking\" data-original-title=\"Parking\">\r\n                            <i class=\"fas fa-parking\"><\/i>\r\n                    <\/div>\r\n\r\n            <div class=\"room-service-item\" data-toggle=\"popover\" data-placement=\"top\" data-trigger=\"hover\" data-content=\"Private Balcony\" data-original-title=\"Private Balcony\">\r\n                            <i class=\"fas fa-eye-slash\"><\/i>\r\n                    <\/div>\r\n\r\n            <div class=\"room-service-item\" data-toggle=\"popover\" data-placement=\"top\" data-trigger=\"hover\" data-content=\"Air Conditioner\" data-original-title=\"Ar Condicionado\">\r\n                            <i class=\"fas fa-snowflake\"><\/i>\r\n                    <\/div>\r\n\r\n            <div class=\"room-service-item\" data-toggle=\"popover\" data-placement=\"top\" data-trigger=\"hover\" data-content=\"Widescreen TV\" data-original-title=\"Widescreen TV\">\r\n                            <i class=\"fas fa-tv\"><\/i>\r\n                    <\/div>\r\n\r\n            <div class=\"room-service-item\" data-toggle=\"popover\" data-placement=\"top\" data-trigger=\"hover\" data-content=\"Coffee Maker\" data-original-title=\"Coffee Maker\">\r\n                            <i class=\"fas fa-coffee\"><\/i>\r\n                    <\/div>\r\n\r\n            <div class=\"room-service-item\" data-toggle=\"popover\" data-placement=\"top\" data-trigger=\"hover\" data-content=\"Mini Bar\" data-original-title=\"Mini Bar\">\r\n                            <i class=\"fas fa-glass-martini-alt\"><\/i>\r\n                    <\/div>\r\n\r\n            <div class=\"room-service-item\" data-toggle=\"popover\" data-placement=\"top\" data-trigger=\"hover\" data-content=\"Free WiFi Included\" data-original-title=\"WiFi\">\r\n                            <i class=\"fas fa-wifi\"><\/i>\r\n                    <\/div>\r\n\r\n    \r\n    <\/div>\r\n<\/div>\r\n\r\n\r\n    <\/div>\r\n\r\n    <\/div>\r\n\r\n<\/div>\r\n\r\n\t\r\n\t\t<\/div>\r\n\r\n\t\t\t\t<\/div>\n\t\t\t\t<\/div>\n\t\t\t\t\t<\/div>\n\t\t<\/div>\n\t\t\t\t\t\t\t<\/div>\n\t\t<\/section>\n\t\t\t\t\t\t\t<\/div>","protected":false},"excerpt":{"rendered":"<p>Todas as casas est\u00e3o equipadas com ar condicionado para o ver\u00e3o e uma lareira aconchegante para os dias mais frios e noites de inverno, garantindo conforto durante todo o ano.\u00a0Uma cozinha totalmente equipada incluindo m\u00e1quina de lavar loi\u00e7a, microondas com\u00a0grill, e placa de indu\u00e7\u00e3o para longas refei\u00e7\u00f5es passadas a saborear os sabores locais com a [&hellip;]<\/p>","protected":false},"author":1,"featured_media":0,"parent":0,"menu_order":0,"comment_status":"closed","ping_status":"closed","template":"","meta":{"footnotes":""},"class_list":["post-6509","page","type-page","status-publish","hentry"],"yoast_head":"<!-- This site is optimized with the Yoast SEO plugin v20.9 - https:\/\/yoast.com\/wordpress\/plugins\/seo\/ -->\n<title>Calmar - Casas<\/title>\n<meta name=\"description\" content=\"As casas podem ser alugadas juntas (para acomodar at\u00e9 16 pessoas) ou separadas. Estas habita\u00e7\u00f5es em Porto Covo s\u00e3o adequadas para f\u00e9rias.\" \/>\n<meta name=\"robots\" content=\"index, follow, max-snippet:-1, max-image-preview:large, max-video-preview:-1\" \/>\n<link rel=\"canonical\" href=\"https:\/\/calmar.pt\/en\/casas_calmar\/\" \/>\n<meta property=\"og:locale\" content=\"en_US\" \/>\n<meta property=\"og:type\" content=\"article\" \/>\n<meta property=\"og:title\" content=\"Calmar - Casas\" \/>\n<meta property=\"og:description\" content=\"As casas podem ser alugadas juntas (para acomodar at\u00e9 16 pessoas) ou separadas. Estas habita\u00e7\u00f5es em Porto Covo s\u00e3o adequadas para f\u00e9rias.\" \/>\n<meta property=\"og:url\" content=\"https:\/\/calmar.pt\/en\/casas_calmar\/\" \/>\n<meta property=\"og:site_name\" content=\"Calmar\" \/>\n<meta property=\"article:modified_time\" content=\"2023-06-19T20:58:13+00:00\" \/>\n<meta property=\"og:image\" content=\"https:\/\/calmar.pt\/wp-content\/uploads\/2023\/06\/CASAS-scaled.jpg\" \/>\n<meta name=\"twitter:card\" content=\"summary_large_image\" \/>\n<meta name=\"twitter:label1\" content=\"Est. reading time\" \/>\n\t<meta name=\"twitter:data1\" content=\"3 minutes\" \/>\n<script type=\"application\/ld+json\" class=\"yoast-schema-graph\">{\"@context\":\"https:\/\/schema.org\",\"@graph\":[{\"@type\":\"WebPage\",\"@id\":\"https:\/\/calmar.pt\/casas_calmar\/\",\"url\":\"https:\/\/calmar.pt\/casas_calmar\/\",\"name\":\"Calmar - Casas\",\"isPartOf\":{\"@id\":\"https:\/\/calmar.pt\/#website\"},\"datePublished\":\"2023-06-19T19:48:31+00:00\",\"dateModified\":\"2023-06-19T20:58:13+00:00\",\"description\":\"As casas podem ser alugadas juntas (para acomodar at\u00e9 16 pessoas) ou separadas. Estas habita\u00e7\u00f5es em Porto Covo s\u00e3o adequadas para f\u00e9rias.\",\"breadcrumb\":{\"@id\":\"https:\/\/calmar.pt\/casas_calmar\/#breadcrumb\"},\"inLanguage\":\"en-US\",\"potentialAction\":[{\"@type\":\"ReadAction\",\"target\":[\"https:\/\/calmar.pt\/casas_calmar\/\"]}]},{\"@type\":\"BreadcrumbList\",\"@id\":\"https:\/\/calmar.pt\/casas_calmar\/#breadcrumb\",\"itemListElement\":[{\"@type\":\"ListItem\",\"position\":1,\"name\":\"In\u00edcio\",\"item\":\"https:\/\/calmar.pt\/\"},{\"@type\":\"ListItem\",\"position\":2,\"name\":\"Casas\"}]},{\"@type\":\"WebSite\",\"@id\":\"https:\/\/calmar.pt\/#website\",\"url\":\"https:\/\/calmar.pt\/\",\"name\":\"Calmar\",\"description\":\"Unique Nature Retreat\",\"publisher\":{\"@id\":\"https:\/\/calmar.pt\/#organization\"},\"potentialAction\":[{\"@type\":\"SearchAction\",\"target\":{\"@type\":\"EntryPoint\",\"urlTemplate\":\"https:\/\/calmar.pt\/?s={search_term_string}\"},\"query-input\":\"required name=search_term_string\"}],\"inLanguage\":\"en-US\"},{\"@type\":\"Organization\",\"@id\":\"https:\/\/calmar.pt\/#organization\",\"name\":\"Calmar\",\"url\":\"https:\/\/calmar.pt\/\",\"logo\":{\"@type\":\"ImageObject\",\"inLanguage\":\"en-US\",\"@id\":\"https:\/\/calmar.pt\/#\/schema\/logo\/image\/\",\"url\":\"https:\/\/calmar.pt\/wp-content\/uploads\/2023\/05\/casa-calmar.png\",\"contentUrl\":\"https:\/\/calmar.pt\/wp-content\/uploads\/2023\/05\/casa-calmar.png\",\"width\":2010,\"height\":520,\"caption\":\"Calmar\"},\"image\":{\"@id\":\"https:\/\/calmar.pt\/#\/schema\/logo\/image\/\"},\"sameAs\":[\"https:\/\/www.instagram.com\/casacalmar\/\",\"https:\/\/api.whatsapp.com\/send?1=pt_BR&phone=351912431748\"]}]}<\/script>\n<!-- \/ Yoast SEO plugin. -->","yoast_head_json":{"title":"Calmar - Casas","description":"As casas podem ser alugadas juntas (para acomodar at\u00e9 16 pessoas) ou separadas. Estas habita\u00e7\u00f5es em Porto Covo s\u00e3o adequadas para f\u00e9rias.","robots":{"index":"index","follow":"follow","max-snippet":"max-snippet:-1","max-image-preview":"max-image-preview:large","max-video-preview":"max-video-preview:-1"},"canonical":"https:\/\/calmar.pt\/en\/casas_calmar\/","og_locale":"en_US","og_type":"article","og_title":"Calmar - Casas","og_description":"As casas podem ser alugadas juntas (para acomodar at\u00e9 16 pessoas) ou separadas. Estas habita\u00e7\u00f5es em Porto Covo s\u00e3o adequadas para f\u00e9rias.","og_url":"https:\/\/calmar.pt\/en\/casas_calmar\/","og_site_name":"Calmar","article_modified_time":"2023-06-19T20:58:13+00:00","og_image":[{"url":"https:\/\/calmar.pt\/wp-content\/uploads\/2023\/06\/CASAS-scaled.jpg"}],"twitter_card":"summary_large_image","twitter_misc":{"Est. reading time":"3 minutes"},"schema":{"@context":"https:\/\/schema.org","@graph":[{"@type":"WebPage","@id":"https:\/\/calmar.pt\/casas_calmar\/","url":"https:\/\/calmar.pt\/casas_calmar\/","name":"Calmar - Casas","isPartOf":{"@id":"https:\/\/calmar.pt\/#website"},"datePublished":"2023-06-19T19:48:31+00:00","dateModified":"2023-06-19T20:58:13+00:00","description":"As casas podem ser alugadas juntas (para acomodar at\u00e9 16 pessoas) ou separadas. Estas habita\u00e7\u00f5es em Porto Covo s\u00e3o adequadas para f\u00e9rias.","breadcrumb":{"@id":"https:\/\/calmar.pt\/casas_calmar\/#breadcrumb"},"inLanguage":"en-US","potentialAction":[{"@type":"ReadAction","target":["https:\/\/calmar.pt\/casas_calmar\/"]}]},{"@type":"BreadcrumbList","@id":"https:\/\/calmar.pt\/casas_calmar\/#breadcrumb","itemListElement":[{"@type":"ListItem","position":1,"name":"In\u00edcio","item":"https:\/\/calmar.pt\/"},{"@type":"ListItem","position":2,"name":"Casas"}]},{"@type":"WebSite","@id":"https:\/\/calmar.pt\/#website","url":"https:\/\/calmar.pt\/","name":"Calmar","description":"Unique Nature Retreat","publisher":{"@id":"https:\/\/calmar.pt\/#organization"},"potentialAction":[{"@type":"SearchAction","target":{"@type":"EntryPoint","urlTemplate":"https:\/\/calmar.pt\/?s={search_term_string}"},"query-input":"required name=search_term_string"}],"inLanguage":"en-US"},{"@type":"Organization","@id":"https:\/\/calmar.pt\/#organization","name":"Calmar","url":"https:\/\/calmar.pt\/","logo":{"@type":"ImageObject","inLanguage":"en-US","@id":"https:\/\/calmar.pt\/#\/schema\/logo\/image\/","url":"https:\/\/calmar.pt\/wp-content\/uploads\/2023\/05\/casa-calmar.png","contentUrl":"https:\/\/calmar.pt\/wp-content\/uploads\/2023\/05\/casa-calmar.png","width":2010,"height":520,"caption":"Calmar"},"image":{"@id":"https:\/\/calmar.pt\/#\/schema\/logo\/image\/"},"sameAs":["https:\/\/www.instagram.com\/casacalmar\/","https:\/\/api.whatsapp.com\/send?1=pt_BR&phone=351912431748"]}]}},"_links":{"self":[{"href":"https:\/\/calmar.pt\/en\/wp-json\/wp\/v2\/pages\/6509","targetHints":{"allow":["GET"]}}],"collection":[{"href":"https:\/\/calmar.pt\/en\/wp-json\/wp\/v2\/pages"}],"about":[{"href":"https:\/\/calmar.pt\/en\/wp-json\/wp\/v2\/types\/page"}],"author":[{"embeddable":true,"href":"https:\/\/calmar.pt\/en\/wp-json\/wp\/v2\/users\/1"}],"replies":[{"embeddable":true,"href":"https:\/\/calmar.pt\/en\/wp-json\/wp\/v2\/comments?post=6509"}],"version-history":[{"count":24,"href":"https:\/\/calmar.pt\/en\/wp-json\/wp\/v2\/pages\/6509\/revisions"}],"predecessor-version":[{"id":6643,"href":"https:\/\/calmar.pt\/en\/wp-json\/wp\/v2\/pages\/6509\/revisions\/6643"}],"wp:attachment":[{"href":"https:\/\/calmar.pt\/en\/wp-json\/wp\/v2\/media?parent=6509"}],"curies":[{"name":"wp","href":"https:\/\/api.w.org\/{rel}","templated":true}]}}